{"id":3,"date":"2025-12-31T10:47:03","date_gmt":"2025-12-31T10:47:03","guid":{"rendered":"http:\/\/gbwbbxxaf.preview.infomaniak.website\/?page_id=3"},"modified":"2026-01-09T10:14:01","modified_gmt":"2026-01-09T10:14:01","slug":"privacy-policy","status":"publish","type":"page","link":"https:\/\/cdf-immo.ch\/pt\/privacy-policy\/","title":{"rendered":"Pol\u00edtica de privacidade"},"content":{"rendered":"<p>[et_pb_section fb_built=\u00a0\u00bb1&Prime; admin_label=\u00a0\u00bbsection\u00a0\u00bb _builder_version=\u00a0\u00bb4.16&Prime; da_disable_devices=\u00a0\u00bboff|off|off\u00a0\u00bb global_colors_info=\u00a0\u00bb{}\u00a0\u00bb da_is_popup=\u00a0\u00bboff\u00a0\u00bb da_exit_intent=\u00a0\u00bboff\u00a0\u00bb da_has_close=\u00a0\u00bbon\u00a0\u00bb da_alt_close=\u00a0\u00bboff\u00a0\u00bb da_dark_close=\u00a0\u00bboff\u00a0\u00bb da_not_modal=\u00a0\u00bbon\u00a0\u00bb da_is_singular=\u00a0\u00bboff\u00a0\u00bb da_with_loader=\u00a0\u00bboff\u00a0\u00bb da_has_shadow=\u00a0\u00bbon\u00a0\u00bb][et_pb_row admin_label=\u00a0\u00bbrow\u00a0\u00bb _builder_version=\u00a0\u00bb4.16&Prime; background_size=\u00a0\u00bbinitial\u00a0\u00bb background_position=\u00a0\u00bbtop_left\u00a0\u00bb background_repeat=\u00a0\u00bbrepeat\u00a0\u00bb global_colors_info=\u00a0\u00bb{}\u00a0\u00bb][et_pb_column type=\u00a0\u00bb4_4&Prime; _builder_version=\u00a0\u00bb4.16&Prime; custom_padding=\u00a0\u00bb|||\u00a0\u00bb global_colors_info=\u00a0\u00bb{}\u00a0\u00bb custom_padding__hover=\u00a0\u00bb|||\u00a0\u00bb][et_pb_text admin_label=\u00a0\u00bbText\u00a0\u00bb _builder_version=\u00a0\u00bb4.27.5&Prime; background_size=\u00a0\u00bbinitial\u00a0\u00bb background_position=\u00a0\u00bbtop_left\u00a0\u00bb background_repeat=\u00a0\u00bbrepeat\u00a0\u00bb global_colors_info=\u00a0\u00bb{}\u00a0\u00bb]<\/p>\n<h2>POLITIQUE DE CONFIDENTIALIT\u00c9 &amp; PROTECTION DES DONN\u00c9ES<\/h2>\n<p><strong>Derni\u00e8re mise \u00e0 jour :<\/strong> 7 janvier 2026<\/p>\n<p>La protection de votre sph\u00e8re priv\u00e9e est primordiale pour <strong>CDF-Immo.ch<\/strong>. Nous nous engageons \u00e0 traiter vos donn\u00e9es personnelles conform\u00e9ment \u00e0 la Loi f\u00e9d\u00e9rale sur la protection des donn\u00e9es (LPD) en vigueur en Suisse.<\/p>\n<h3>1. Responsable du traitement<\/h3>\n<p>Le responsable du traitement des donn\u00e9es pour ce site web est :<\/p>\n<p><strong>ABC IMMOBILIER AG &#8211; CH-6362 Stansstad<\/strong><br \/>Email : <a href=\"mailto:info@cfd-immo.ch\">info@cdf-immo.ch<\/a><\/p>\n<h3>2. Donn\u00e9es collect\u00e9es<\/h3>\n<p>Nous collectons les donn\u00e9es que vous nous transmettez volontairement (via le formulaire de contact, le quiz, WhatsApp ou par email), notamment :<\/p>\n<ul>\n<li>Nom et Pr\u00e9nom<\/li>\n<li>Adresse email et Num\u00e9ro de t\u00e9l\u00e9phone<\/li>\n<li>Crit\u00e8res de recherche de logement (budget, nombre de pi\u00e8ces, pr\u00e9f\u00e9rences)<\/li>\n<\/ul>\n<h3>3. Finalit\u00e9 du traitement<\/h3>\n<p>Vos donn\u00e9es sont utilis\u00e9es pour :<\/p>\n<ul>\n<li>Vous contacter au sujet de votre recherche de logement.<\/li>\n<li>Organiser des visites d&rsquo;appartements.<\/li>\n<li>\u00c9tablir les dossiers de candidature et les baux \u00e0 loyer.<\/li>\n<li>Am\u00e9liorer notre site web et nos campagnes publicitaires (analyse statistique).<\/li>\n<\/ul>\n<h3>4. Outils de suivi, Cookies et Publicit\u00e9 (Remarketing)<\/h3>\n<p>Notre site utilise des cookies et des technologies de suivi pour am\u00e9liorer votre exp\u00e9rience et vous proposer des contenus pertinents. En naviguant sur ce site, vous acceptez l&rsquo;utilisation de :<\/p>\n<ul>\n<li><strong>Google Analytics 4 :<\/strong> Nous utilisons cet outil pour analyser l&rsquo;audience du site (nombre de visiteurs, pages vues) de mani\u00e8re anonymis\u00e9e.<\/li>\n<li><strong>Google Ads &amp; Google Tag Manager :<\/strong> Nous utilisons ces services pour diffuser des publicit\u00e9s sur le moteur de recherche Google.<\/li>\n<li><strong>Meta Pixel (Facebook\/Instagram) :<\/strong> Un \u00ab\u00a0pixel\u00a0\u00bb est install\u00e9 sur notre site. Il nous permet de mesurer l&rsquo;efficacit\u00e9 de nos publicit\u00e9s sur Facebook et Instagram et de faire du <strong>Remarketing<\/strong>. Cela signifie que si vous visitez notre site, vous pourriez voir nos annonces immobili\u00e8res r\u00e9appara\u00eetre dans votre fil d&rsquo;actualit\u00e9 Facebook ou Instagram.<\/li>\n<\/ul>\n<p>Vous pouvez \u00e0 tout moment configurer votre navigateur pour refuser les cookies ou utiliser les gestionnaires de pr\u00e9f\u00e9rences publicitaires de Google et Meta.<\/p>\n<h3>5. Partage des donn\u00e9es<\/h3>\n<p>Vos donn\u00e9es sont trait\u00e9es de mani\u00e8re confidentielle. Elles ne sont <strong>jamais vendues<\/strong> \u00e0 des tiers. Elles sont uniquement accessibles :<\/p>\n<ul>\n<li>\u00c0 notre \u00e9quipe de gestion interne.<\/li>\n<li>Aux prestataires techniques (h\u00e9bergeur web, outils d&#8217;emailing) qui sont tenus \u00e0 la m\u00eame confidentialit\u00e9.<\/li>\n<\/ul>\n<h3>6. S\u00e9curit\u00e9 des donn\u00e9es<\/h3>\n<p>Nous mettons en \u0153uvre des mesures techniques et organisationnelles appropri\u00e9es pour prot\u00e9ger vos donn\u00e9es contre la perte, l&rsquo;acc\u00e8s non autoris\u00e9 ou la modification (site s\u00e9curis\u00e9 HTTPS\/SSL).<\/p>\n<h3>7. Vos droits<\/h3>\n<p>Conform\u00e9ment \u00e0 la LPD, vous disposez d&rsquo;un droit d&rsquo;acc\u00e8s, de rectification et de suppression de vos donn\u00e9es. Pour exercer ces droits, envoyez simplement un email \u00e0 : <a href=\"mailto:info@cfd-immo.ch\">info@cdf-immo.ch<\/a>.<\/p>\n<p>[\/et_pb_text][\/et_pb_column][\/et_pb_row][\/et_pb_section]<\/p>\n","protected":false},"excerpt":{"rendered":"<p>POLITIQUE DE CONFIDENTIALIT\u00c9 &amp; PROTECTION DES DONN\u00c9ES Derni\u00e8re mise \u00e0 jour : 7 janvier 2026 La protection de votre sph\u00e8re priv\u00e9e est primordiale pour CDF-Immo.ch. Nous nous engageons \u00e0 traiter vos donn\u00e9es personnelles conform\u00e9ment \u00e0 la Loi f\u00e9d\u00e9rale sur la protection des donn\u00e9es (LPD) en vigueur en Suisse. 1. Responsable du traitement Le responsable du [&hellip;]<\/p>\n","protected":false},"author":1,"featured_media":0,"parent":0,"menu_order":0,"comment_status":"closed","ping_status":"open","template":"","meta":{"_et_pb_use_builder":"on","_et_pb_old_content":"<!-- wp:heading -->\n<h2 class=\"wp-block-heading\">Who we are<\/h2>\n<!-- \/wp:heading -->\n<!-- wp:paragraph -->\n<p><strong class=\"privacy-policy-tutorial\">Suggested text: <\/strong>Our website address is: http:\/\/gbwbbxxaf.preview.infomaniak.website.<\/p>\n<!-- \/wp:paragraph -->\n<!-- wp:heading -->\n<h2 class=\"wp-block-heading\">Comments<\/h2>\n<!-- \/wp:heading -->\n<!-- wp:paragraph -->\n<p><strong class=\"privacy-policy-tutorial\">Suggested text: <\/strong>When visitors leave comments on the site we collect the data shown in the comments form, and also the visitor&#8217;s IP address and browser user agent string to help spam detection.<\/p>\n<!-- \/wp:paragraph -->\n<!-- wp:paragraph -->\n<p>An anonymized string created from your email address (also called a hash) may be provided to the Gravatar service to see if you are using it. The Gravatar service privacy policy is available here: https:\/\/automattic.com\/privacy\/. After approval of your comment, your profile picture is visible to the public in the context of your comment.<\/p>\n<!-- \/wp:paragraph -->\n<!-- wp:heading -->\n<h2 class=\"wp-block-heading\">Media<\/h2>\n<!-- \/wp:heading -->\n<!-- wp:paragraph -->\n<p><strong class=\"privacy-policy-tutorial\">Suggested text: <\/strong>If you upload images to the website, you should avoid uploading images with embedded location data (EXIF GPS) included. Visitors to the website can download and extract any location data from images on the website.<\/p>\n<!-- \/wp:paragraph -->\n<!-- wp:heading -->\n<h2 class=\"wp-block-heading\">Cookies<\/h2>\n<!-- \/wp:heading -->\n<!-- wp:paragraph -->\n<p><strong class=\"privacy-policy-tutorial\">Suggested text: <\/strong>If you leave a comment on our site you may opt-in to saving your name, email address and website in cookies. These are for your convenience so that you do not have to fill in your details again when you leave another comment. These cookies will last for one year.<\/p>\n<!-- \/wp:paragraph -->\n<!-- wp:paragraph -->\n<p>If you visit our login page, we will set a temporary cookie to determine if your browser accepts cookies. This cookie contains no personal data and is discarded when you close your browser.<\/p>\n<!-- \/wp:paragraph -->\n<!-- wp:paragraph -->\n<p>When you log in, we will also set up several cookies to save your login information and your screen display choices. Login cookies last for two days, and screen options cookies last for a year. If you select &quot;Remember Me&quot;, your login will persist for two weeks. If you log out of your account, the login cookies will be removed.<\/p>\n<!-- \/wp:paragraph -->\n<!-- wp:paragraph -->\n<p>If you edit or publish an article, an additional cookie will be saved in your browser. This cookie includes no personal data and simply indicates the post ID of the article you just edited. It expires after 1 day.<\/p>\n<!-- \/wp:paragraph -->\n<!-- wp:heading -->\n<h2 class=\"wp-block-heading\">Embedded content from other websites<\/h2>\n<!-- \/wp:heading -->\n<!-- wp:paragraph -->\n<p><strong class=\"privacy-policy-tutorial\">Suggested text: <\/strong>Articles on this site may include embedded content (e.g. videos, images, articles, etc.). Embedded content from other websites behaves in the exact same way as if the visitor has visited the other website.<\/p>\n<!-- \/wp:paragraph -->\n<!-- wp:paragraph -->\n<p>These websites may collect data about you, use cookies, embed additional third-party tracking, and monitor your interaction with that embedded content, including tracking your interaction with the embedded content if you have an account and are logged in to that website.<\/p>\n<!-- \/wp:paragraph -->\n<!-- wp:heading -->\n<h2 class=\"wp-block-heading\">Who we share your data with<\/h2>\n<!-- \/wp:heading -->\n<!-- wp:paragraph -->\n<p><strong class=\"privacy-policy-tutorial\">Suggested text: <\/strong>If you request a password reset, your IP address will be included in the reset email.<\/p>\n<!-- \/wp:paragraph -->\n<!-- wp:heading -->\n<h2 class=\"wp-block-heading\">How long we retain your data<\/h2>\n<!-- \/wp:heading -->\n<!-- wp:paragraph -->\n<p><strong class=\"privacy-policy-tutorial\">Suggested text: <\/strong>If you leave a comment, the comment and its metadata are retained indefinitely. This is so we can recognize and approve any follow-up comments automatically instead of holding them in a moderation queue.<\/p>\n<!-- \/wp:paragraph -->\n<!-- wp:paragraph -->\n<p>For users that register on our website (if any), we also store the personal information they provide in their user profile. All users can see, edit, or delete their personal information at any time (except they cannot change their username). Website administrators can also see and edit that information.<\/p>\n<!-- \/wp:paragraph -->\n<!-- wp:heading -->\n<h2 class=\"wp-block-heading\">What rights you have over your data<\/h2>\n<!-- \/wp:heading -->\n<!-- wp:paragraph -->\n<p><strong class=\"privacy-policy-tutorial\">Suggested text: <\/strong>If you have an account on this site, or have left comments, you can request to receive an exported file of the personal data we hold about you, including any data you have provided to us. You can also request that we erase any personal data we hold about you. This does not include any data we are obliged to keep for administrative, legal, or security purposes.<\/p>\n<!-- \/wp:paragraph -->\n<!-- wp:heading -->\n<h2 class=\"wp-block-heading\">Where your data is sent<\/h2>\n<!-- \/wp:heading -->\n<!-- wp:paragraph -->\n<p><strong class=\"privacy-policy-tutorial\">Suggested text: <\/strong>Visitor comments may be checked through an automated spam detection service.<\/p>\n<!-- \/wp:paragraph -->\n","_et_gb_content_width":"","footnotes":""},"class_list":["post-3","page","type-page","status-publish","hentry"],"_links":{"self":[{"href":"https:\/\/cdf-immo.ch\/pt\/wp-json\/wp\/v2\/pages\/3","targetHints":{"allow":["GET"]}}],"collection":[{"href":"https:\/\/cdf-immo.ch\/pt\/wp-json\/wp\/v2\/pages"}],"about":[{"href":"https:\/\/cdf-immo.ch\/pt\/wp-json\/wp\/v2\/types\/page"}],"author":[{"embeddable":true,"href":"https:\/\/cdf-immo.ch\/pt\/wp-json\/wp\/v2\/users\/1"}],"replies":[{"embeddable":true,"href":"https:\/\/cdf-immo.ch\/pt\/wp-json\/wp\/v2\/comments?post=3"}],"version-history":[{"count":7,"href":"https:\/\/cdf-immo.ch\/pt\/wp-json\/wp\/v2\/pages\/3\/revisions"}],"predecessor-version":[{"id":379,"href":"https:\/\/cdf-immo.ch\/pt\/wp-json\/wp\/v2\/pages\/3\/revisions\/379"}],"wp:attachment":[{"href":"https:\/\/cdf-immo.ch\/pt\/wp-json\/wp\/v2\/media?parent=3"}],"curies":[{"name":"wp","href":"https:\/\/api.w.org\/{rel}","templated":true}]}}